
{"id":409,"date":"2017-11-20T15:05:36","date_gmt":"2017-11-20T09:20:36","guid":{"rendered":"https:\/\/raratheme.com\/preview\/travel-agency-pro\/contact-us\/"},"modified":"2025-08-11T21:59:22","modified_gmt":"2025-08-12T00:59:22","slug":"contact-us","status":"publish","type":"page","link":"https:\/\/cambacuaviajesyturismo.tur.ar\/?page_id=409","title":{"rendered":"Nosotros"},"content":{"rendered":"\n<hr class=\"wp-block-separator has-text-color has-hover-color has-alpha-channel-opacity has-hover-background-color has-background is-style-wide\"\/>\n\n\n\n<figure class=\"wp-block-image aligncenter size-full is-resized\"><img loading=\"lazy\" decoding=\"async\" width=\"888\" height=\"1014\" src=\"https:\/\/cambacuaviajesyturismo.tur.ar\/wp-content\/uploads\/2024\/04\/LOGO-CAMBA-CUA-PNG-sin-fondo-3.png\" alt=\"\" class=\"wp-image-1736\" style=\"width:314px;height:auto\" srcset=\"https:\/\/cambacuaviajesyturismo.tur.ar\/wp-content\/uploads\/2024\/04\/LOGO-CAMBA-CUA-PNG-sin-fondo-3.png 888w, https:\/\/cambacuaviajesyturismo.tur.ar\/wp-content\/uploads\/2024\/04\/LOGO-CAMBA-CUA-PNG-sin-fondo-3-263x300.png 263w, https:\/\/cambacuaviajesyturismo.tur.ar\/wp-content\/uploads\/2024\/04\/LOGO-CAMBA-CUA-PNG-sin-fondo-3-768x877.png 768w\" sizes=\"auto, (max-width: 888px) 100vw, 888px\" \/><\/figure>\n\n\n\n<hr class=\"wp-block-separator has-text-color has-hover-color has-alpha-channel-opacity has-hover-background-color has-background is-style-wide\"\/>\n\n\n\n<p>Camba Cua Turismo, es una empresa correntina que se creo hace 30 a\u00f1os , con una gran trayectoria , pero hace 5 a\u00f1os tuvimos la propuesta de hacerla nuestra,, decidimos darle un giro para innovarla totalmente.<br>Somos Silvana y Yenina, t\u00e9cnicas en turismo, madres de dos , nos conocimos en la universidad , ambas so\u00f1adoras en grande, pero sabiendo que para llegar a la excelencia todo tiene su proceso y sacrificio.<br>Nos especializamos en la organizaci\u00f3n de viajes por todo el mundo. Nos enorgullece brindar una atenci\u00f3n de calidad, totalmente personalizada, donde nos involucramos en cada detalle para garantizar una experiencia \u00fanica. Nos apasiona vivir cada aventura junto con nuestros pasajeros, asegur\u00e1ndonos de que regresen satisfechos y con recuerdos inolvidables.<br>An\u00edmate a descubrir el mundo con Camba Cua Turismo y d\u00e9janos ser parte de tu pr\u00f3xima&nbsp;gran&nbsp;aventura!<\/p>\n\n\n\n<hr class=\"wp-block-separator has-text-color has-hover-color has-alpha-channel-opacity has-hover-background-color has-background is-style-wide\"\/>\n\n\n\n<figure class=\"wp-block-image aligncenter size-full is-resized\"><img loading=\"lazy\" decoding=\"async\" width=\"1920\" height=\"1080\" src=\"https:\/\/cambacuaviajesyturismo.tur.ar\/wp-content\/uploads\/2024\/05\/DSC6393.jpg\" alt=\"\" class=\"wp-image-2003\" style=\"width:788px;height:auto\" srcset=\"https:\/\/cambacuaviajesyturismo.tur.ar\/wp-content\/uploads\/2024\/05\/DSC6393.jpg 1920w, https:\/\/cambacuaviajesyturismo.tur.ar\/wp-content\/uploads\/2024\/05\/DSC6393-300x169.jpg 300w, https:\/\/cambacuaviajesyturismo.tur.ar\/wp-content\/uploads\/2024\/05\/DSC6393-1024x576.jpg 1024w, https:\/\/cambacuaviajesyturismo.tur.ar\/wp-content\/uploads\/2024\/05\/DSC6393-768x432.jpg 768w, https:\/\/cambacuaviajesyturismo.tur.ar\/wp-content\/uploads\/2024\/05\/DSC6393-1536x864.jpg 1536w\" sizes=\"auto, (max-width: 1920px) 100vw, 1920px\" \/><\/figure>\n\n\n\n<hr class=\"wp-block-separator has-text-color has-hover-color has-alpha-channel-opacity has-hover-background-color has-background is-style-wide\"\/>\n\n\n\n<p class=\"has-very-large-font-size\">Solicita tu cotizaci\u00f3n<\/p>\n\n\n<div class=\"wp-block-jetpack-contact-form\"><a href=\"https:\/\/cambacuaviajesyturismo.tur.ar\/?page_id=409\" target=\"_blank\" rel=\"noopener noreferrer\">Envi\u00e1 un formulario.<\/a><\/div>\n\n\n\n","protected":false},"excerpt":{"rendered":"<p>Camba Cua Turismo, es una empresa correntina que se creo hace 30 a\u00f1os , con una gran trayectoria , pero hace 5 a\u00f1os tuvimos la propuesta de hacerla nuestra,, decidimos darle un giro para innovarla totalmente.Somos Silvana y Yenina, t\u00e9cnicas en turismo, madres de dos , nos conocimos en la universidad , ambas so\u00f1adoras en [&hellip;]<\/p>\n","protected":false},"author":1,"featured_media":0,"parent":0,"menu_order":0,"comment_status":"closed","ping_status":"closed","template":"","meta":{"footnotes":""},"class_list":["post-409","page","type-page","status-publish","hentry"],"jetpack_sharing_enabled":true,"_links":{"self":[{"href":"https:\/\/cambacuaviajesyturismo.tur.ar\/index.php?rest_route=\/wp\/v2\/pages\/409","targetHints":{"allow":["GET"]}}],"collection":[{"href":"https:\/\/cambacuaviajesyturismo.tur.ar\/index.php?rest_route=\/wp\/v2\/pages"}],"about":[{"href":"https:\/\/cambacuaviajesyturismo.tur.ar\/index.php?rest_route=\/wp\/v2\/types\/page"}],"author":[{"embeddable":true,"href":"https:\/\/cambacuaviajesyturismo.tur.ar\/index.php?rest_route=\/wp\/v2\/users\/1"}],"replies":[{"embeddable":true,"href":"https:\/\/cambacuaviajesyturismo.tur.ar\/index.php?rest_route=%2Fwp%2Fv2%2Fcomments&post=409"}],"version-history":[{"count":8,"href":"https:\/\/cambacuaviajesyturismo.tur.ar\/index.php?rest_route=\/wp\/v2\/pages\/409\/revisions"}],"predecessor-version":[{"id":2266,"href":"https:\/\/cambacuaviajesyturismo.tur.ar\/index.php?rest_route=\/wp\/v2\/pages\/409\/revisions\/2266"}],"wp:attachment":[{"href":"https:\/\/cambacuaviajesyturismo.tur.ar\/index.php?rest_route=%2Fwp%2Fv2%2Fmedia&parent=409"}],"curies":[{"name":"wp","href":"https:\/\/api.w.org\/{rel}","templated":true}]}}